{"id":7072,"date":"2020-11-06T11:30:42","date_gmt":"2020-11-06T14:30:42","guid":{"rendered":"https:\/\/historia.dwsemanadedesign.com.br\/dwfestival2023\/?page_id=7072&#038;preview_id=7072"},"modified":"2023-02-25T14:56:17","modified_gmt":"2023-02-25T17:56:17","slug":"termos-de-uso-e-politicas-de-privacidade","status":"publish","type":"page","link":"https:\/\/historia.dwsemanadedesign.com.br\/dwfestival2023\/termos-de-uso-e-politicas-de-privacidade\/","title":{"rendered":"TERMOS DE USO E POL\u00cdTICAS DE PRIVACIDADE"},"content":{"rendered":"\t\t<div data-elementor-type=\"wp-page\" data-elementor-id=\"7072\" class=\"elementor elementor-7072\" data-elementor-settings=\"[]\">\n\t\t\t\t\t\t<div class=\"elementor-inner\">\n\t\t\t\t\t\t\t<div class=\"elementor-section-wrap\">\n\t\t\t\t\t\t\t<section class=\"elementor-section elementor-top-section elementor-element elementor-element-3184aece elementor-section-height-min-height tema-padrao-area elementor-section-boxed elementor-section-height-default elementor-section-items-middle\" data-id=\"3184aece\" data-element_type=\"section\" id=\"faixa-titulo\" data-settings=\"{&quot;background_background&quot;:&quot;classic&quot;}\">\n\t\t\t\t\t\t<div class=\"elementor-container elementor-column-gap-default\">\n\t\t\t\t\t\t\t<div class=\"elementor-row\">\n\t\t\t\t\t<div class=\"elementor-column elementor-col-100 elementor-top-column elementor-element elementor-element-24bedd74\" data-id=\"24bedd74\" data-element_type=\"column\">\n\t\t\t<div class=\"elementor-column-wrap elementor-element-populated\">\n\t\t\t\t\t\t\t<div class=\"elementor-widget-wrap\">\n\t\t\t\t\t\t<div class=\"elementor-element elementor-element-7f555e6c elementor-widget elementor-widget-heading\" data-id=\"7f555e6c\" data-element_type=\"widget\" data-widget_type=\"heading.default\">\n\t\t\t\t<div class=\"elementor-widget-container\">\n\t\t\t<h1 class=\"elementor-heading-title elementor-size-default\">termos de uso e pol\u00edticas de privacidade DW!<\/h1>\t\t<\/div>\n\t\t\t\t<\/div>\n\t\t\t\t\t\t<\/div>\n\t\t\t\t\t<\/div>\n\t\t<\/div>\n\t\t\t\t\t\t\t\t<\/div>\n\t\t\t\t\t<\/div>\n\t\t<\/section>\n\t\t\t\t<section class=\"elementor-section elementor-top-section elementor-element elementor-element-938aac6 elementor-section-boxed elementor-section-height-default elementor-section-height-default\" data-id=\"938aac6\" data-element_type=\"section\">\n\t\t\t\t\t\t<div class=\"elementor-container elementor-column-gap-default\">\n\t\t\t\t\t\t\t<div class=\"elementor-row\">\n\t\t\t\t\t<div class=\"elementor-column elementor-col-100 elementor-top-column elementor-element elementor-element-d20b67b\" data-id=\"d20b67b\" data-element_type=\"column\">\n\t\t\t<div class=\"elementor-column-wrap elementor-element-populated\">\n\t\t\t\t\t\t\t<div class=\"elementor-widget-wrap\">\n\t\t\t\t\t\t<div class=\"elementor-element elementor-element-db916f2 elementor-widget elementor-widget-text-editor\" data-id=\"db916f2\" data-element_type=\"widget\" data-widget_type=\"text-editor.default\">\n\t\t\t\t<div class=\"elementor-widget-container\">\n\t\t\t\t\t\t\t\t<div class=\"elementor-text-editor elementor-clearfix\">\n\t\t\t\t<p><b>POL\u00cdTICA DE PRIVACIDADE<\/b><\/p>\n<p>A DW! Semana de Design de S\u00e3o Paulo foi criada em 2012, pela empresa SUMMIT PROMO,  como um festival urbano com o objetivo de promover a cultura do design e suas conex\u00f5es com arquitetura, arte, decora\u00e7\u00e3o, urbanismo, inclus\u00e3o social, neg\u00f3cios, inova\u00e7\u00e3o tecnol\u00f3gica e outros temas da economia criativa.<\/p>\n<p>Consolidada com uma das cinco maiores semanas de design do mundo, a DW! re\u00fane diversos eventos organizados por parceiros independentes, realizados de forma simult\u00e2nea e integrados por um programa oficial. S\u00e3o palestras, visitas guiadas, exposi\u00e7\u00f5es, instala\u00e7\u00f5es, interven\u00e7\u00f5es art\u00edsticas e urbanas, semin\u00e1rios, feiras de neg\u00f3cios, pr\u00eamios, festas e lan\u00e7amentos de produtos em lojas e showrooms.<\/p>\n<p>Queremos manter nossa rela\u00e7\u00e3o de transpar\u00eancia e confian\u00e7a com voc\u00ea tamb\u00e9m nos meios digitais. Tratamos apenas os dados pessoais enquanto forem necess\u00e1rios e adequados para as nalidades que embasam a coleta, sempre observando as bases legais do tratamento. <\/p>\n<p>Assim, podemos manter os dados para cumprimento de obriga\u00e7\u00e3o legal ou regulat\u00f3ria, exerc\u00edcio regular de direito, interesse leg\u00edtimo ou com o seu consentimento. <\/p>\n<p><b>TRATAMENTO DE DADOS PESSOAIS <\/b><\/p>\n<p>Fornecidos diretamente por voc\u00ea: <\/p>\n<p>Nome e e-mail fornecidos diretamente por voc\u00ea no nosso site, redes sociais ou para nossa newsletter: Utilizamos esses dados para responder as sua mensagens e enviar newsletter. Caso n\u00e3o queira mais receber nossas comunica\u00e7\u00f5es, \u00e9 s\u00f3 nos informar em info@summit-promo.com.br.<\/p>\n<p>Tratados indiretamente:<\/p>\n<p>Por meio de cookies e plug-ins de terceiros enviados ao seu navegador, pelo WordPress, para nosso sistema de gerenciamento de conte\u00fado. Alguns s\u00e3o estritamente necess\u00e1rios para o funcionamento do site, outros usamos para obter an\u00e1lises do padr\u00e3o de navega\u00e7\u00e3o para melhoria cont\u00ednua do conte\u00fado. N\u00e3o nos \u00e9 poss\u00edvel identificar o usu\u00e1rio\/titular dos dados pessoais a partir delas. X Para cumprimento de obriga\u00e7\u00e3o legal do Marco Civil da Internet (art. 15), coletamos a data, hora e o IP dos acessos ao site. <\/p>\n<p>Dados de crian\u00e7as e adolescentes: Nosso conte\u00fado n\u00e3o \u00e9 direcionado a crian\u00e7as e adolescentes. Por isso, n\u00e3o fazemos avalia\u00e7\u00e3o et\u00e1ria ou coleta propositada de seus dados pessoais.<\/p>\n<p>Compartilhamento de dados: N\u00e3o comercializamos seus dados com terceiros. Apenas compartilhamos seus dados com terceiros com o objetivo de atender as finalidades j\u00e1 expressamente mencionadas, como o envio de newsletter, que ocorre por plataformas especializadas. Com operadoras de dados, essas empresas apenas poder\u00e3o trat\u00e1-los de acordo com as nalidades aqui estabelecidas.<\/p>\n<p><b>SEUS DIREITOS <\/b><\/p>\n<p>Voc\u00ea, como titular dos seus dados pessoais (sejam eles seu nome, e-mail, IP, sua geolocaliza\u00e7\u00e3o, padr\u00e3o de navega\u00e7\u00e3o etc.), tem direito de se autodeterminar sobre eles. O Marco Civil da Internet e outros diplomas legais j\u00e1 garantem que voc\u00ea tenha informa\u00e7\u00f5es claras sobre coleta, uso, armazenamento e prote\u00e7\u00e3o de dados pessoais na internet (artigo 7\u00ba, VIII). A Lei Geral de Prote\u00e7\u00e3o de Dados (LGPD) amplia esses direitos (artigo 18). <\/p>\n<p>A LGPD garante que o titular de dados pessoais tenha a qualquer momento e mediante requisi\u00e7\u00e3o: <\/p>\n<p>Confirma\u00e7\u00e3o da exist\u00eancia do tratamento; Acesso aos dados; Corre\u00e7\u00e3o de dados incompletos, inexatos ou desatualizados; Anonimiza\u00e7\u00e3o, bloqueio ou elimina\u00e7\u00e3o de dados desnecess\u00e1rios, excessivos ou tratados em desconformidade com a Lei Geral de Prote\u00e7\u00e3o de Dados; Portabilidade dos dados a outro fornecedor de servi\u00e7o ou produto, mediante requisi\u00e7\u00e3o expressa, de acordo com a regulamenta\u00e7\u00e3o da autoridade nacional, observados os segredos comercial e industrial; Elimina\u00e7\u00e3o dos dados pessoais tratados com o consentimento do titular, exceto nas hip\u00f3teses de cumprimento de obriga\u00e7\u00e3o legal ou regulat\u00f3ria pelo controlador e estudo por \u00f3rg\u00e3o de pesquisa, garantindo a anonimiza\u00e7\u00e3o dos dados pessoais sempre que poss\u00edvel; Transfer\u00eancia a terceiro, desde que respeitados os requisitos de tratamento de dados dispostos na Lei Geral de Prote\u00e7\u00e3o de Dados ou uso exclusivo do controlador, vedado seu acesso por terceiro, e desde que anonimizados os dados; Informa\u00e7\u00e3o das entidades p\u00fablicas e privadas com as quais o controlador realizou uso compartilhado de dados; Informa\u00e7\u00e3o sobre a possibilidade de n\u00e3o fornecer consentimento e sobre as consequ\u00eancias da negativa; e Revoga\u00e7\u00e3o do consentimento, por procedimento gratuito e facilitado, ratificados os tratamentos realizados sob o amparo do consentimento anteriormente manifestado. N\u00e3o realizamos o tratamento automatizado de dados pessoais. <\/p>\n<p><b>CONTATO<\/b><br>\nNossa sede administrativa est\u00e1 localizada na Rua Manoel da N\u00f3brega, 595 \/ 32, S\u00e3o Paulo \u2013 SP, CEP 04001-000. <\/p>\n<p>Caso deseje fazer uma solicita\u00e7\u00e3o, entre em contato conosco no e-mail  info@summit-promo.com.br . <\/p>\t\t\t\t\t<\/div>\n\t\t\t\t\t\t<\/div>\n\t\t\t\t<\/div>\n\t\t\t\t\t\t<\/div>\n\t\t\t\t\t<\/div>\n\t\t<\/div>\n\t\t\t\t\t\t\t\t<\/div>\n\t\t\t\t\t<\/div>\n\t\t<\/section>\n\t\t\t\t\t\t<\/div>\n\t\t\t\t\t\t<\/div>\n\t\t\t\t\t<\/div>\n\t\t","protected":false},"excerpt":{"rendered":"<p>termos de uso e pol\u00edticas de privacidade DW! POL\u00cdTICA DE PRIVACIDADE A DW! Semana de Design de S\u00e3o Paulo foi criada em 2012, pela empresa SUMMIT PROMO, como um festival urbano com o objetivo de promover a cultura do design e suas conex\u00f5es com arquitetura, arte, decora\u00e7\u00e3o, urbanismo, inclus\u00e3o social, neg\u00f3cios, inova\u00e7\u00e3o tecnol\u00f3gica e outros [&hellip;]<\/p>\n","protected":false},"author":1,"featured_media":0,"parent":0,"menu_order":0,"comment_status":"closed","ping_status":"closed","template":"elementor_header_footer","meta":{"footnotes":""},"yoast_head":"<!-- This site is optimized with the Yoast SEO plugin v22.6 - https:\/\/yoast.com\/wordpress\/plugins\/seo\/ -->\n<title>DW! S\u00e3o Paulo Design Weekend<\/title>\n<meta name=\"description\" content=\"O Design Weekend \u00e9 um festival urbano que tem o objetivo de promover a cultura do design e suas conex\u00f5es com arquitetura, arte, decora\u00e7\u00e3o, urbanismo,\" \/>\n<meta name=\"robots\" content=\"index, follow, max-snippet:-1, max-image-preview:large, max-video-preview:-1\" \/>\n<link rel=\"canonical\" href=\"https:\/\/historia.dwsemanadedesign.com.br\/dwfestival2023\/termos-de-uso-e-politicas-de-privacidade\/\" \/>\n<meta property=\"og:locale\" content=\"pt_BR\" \/>\n<meta property=\"og:type\" content=\"article\" \/>\n<meta property=\"og:title\" content=\"DW! S\u00e3o Paulo Design Weekend\" \/>\n<meta property=\"og:description\" content=\"O Design Weekend \u00e9 um festival urbano que tem o objetivo de promover a cultura do design e suas conex\u00f5es com arquitetura, arte, decora\u00e7\u00e3o, urbanismo,\" \/>\n<meta property=\"og:url\" content=\"https:\/\/historia.dwsemanadedesign.com.br\/dwfestival2023\/termos-de-uso-e-politicas-de-privacidade\/\" \/>\n<meta property=\"og:site_name\" content=\"DW!\" \/>\n<meta property=\"article:modified_time\" content=\"2023-02-25T17:56:17+00:00\" \/>\n<meta name=\"twitter:card\" content=\"summary_large_image\" \/>\n<meta name=\"twitter:label1\" content=\"Est. tempo de leitura\" \/>\n\t<meta name=\"twitter:data1\" content=\"4 minutos\" \/>\n<script type=\"application\/ld+json\" class=\"yoast-schema-graph\">{\"@context\":\"https:\/\/schema.org\",\"@graph\":[{\"@type\":\"WebPage\",\"@id\":\"https:\/\/historia.dwsemanadedesign.com.br\/dwfestival2023\/termos-de-uso-e-politicas-de-privacidade\/\",\"url\":\"https:\/\/historia.dwsemanadedesign.com.br\/dwfestival2023\/termos-de-uso-e-politicas-de-privacidade\/\",\"name\":\"DW! S\u00e3o Paulo Design Weekend\",\"isPartOf\":{\"@id\":\"https:\/\/historia.dwsemanadedesign.com.br\/dwfestival2023\/#website\"},\"datePublished\":\"2020-11-06T14:30:42+00:00\",\"dateModified\":\"2023-02-25T17:56:17+00:00\",\"description\":\"O Design Weekend \u00e9 um festival urbano que tem o objetivo de promover a cultura do design e suas conex\u00f5es com arquitetura, arte, decora\u00e7\u00e3o, urbanismo,\",\"breadcrumb\":{\"@id\":\"https:\/\/historia.dwsemanadedesign.com.br\/dwfestival2023\/termos-de-uso-e-politicas-de-privacidade\/#breadcrumb\"},\"inLanguage\":\"pt-BR\",\"potentialAction\":[{\"@type\":\"ReadAction\",\"target\":[\"https:\/\/historia.dwsemanadedesign.com.br\/dwfestival2023\/termos-de-uso-e-politicas-de-privacidade\/\"]}]},{\"@type\":\"BreadcrumbList\",\"@id\":\"https:\/\/historia.dwsemanadedesign.com.br\/dwfestival2023\/termos-de-uso-e-politicas-de-privacidade\/#breadcrumb\",\"itemListElement\":[{\"@type\":\"ListItem\",\"position\":1,\"name\":\"In\u00edcio\",\"item\":\"https:\/\/historia.dwsemanadedesign.com.br\/dwfestival2023\/\"},{\"@type\":\"ListItem\",\"position\":2,\"name\":\"TERMOS DE USO E POL\u00cdTICAS DE PRIVACIDADE\"}]},{\"@type\":\"WebSite\",\"@id\":\"https:\/\/historia.dwsemanadedesign.com.br\/dwfestival2023\/#website\",\"url\":\"https:\/\/historia.dwsemanadedesign.com.br\/dwfestival2023\/\",\"name\":\"DW!\",\"description\":\"S\u00e3o Paulo Design Weekend\",\"publisher\":{\"@id\":\"https:\/\/historia.dwsemanadedesign.com.br\/dwfestival2023\/#organization\"},\"potentialAction\":[{\"@type\":\"SearchAction\",\"target\":{\"@type\":\"EntryPoint\",\"urlTemplate\":\"https:\/\/historia.dwsemanadedesign.com.br\/dwfestival2023\/?s={search_term_string}\"},\"query-input\":\"required name=search_term_string\"}],\"inLanguage\":\"pt-BR\"},{\"@type\":\"Organization\",\"@id\":\"https:\/\/historia.dwsemanadedesign.com.br\/dwfestival2023\/#organization\",\"name\":\"DW!\",\"url\":\"https:\/\/historia.dwsemanadedesign.com.br\/dwfestival2023\/\",\"logo\":{\"@type\":\"ImageObject\",\"inLanguage\":\"pt-BR\",\"@id\":\"https:\/\/historia.dwsemanadedesign.com.br\/dwfestival2023\/#\/schema\/logo\/image\/\",\"url\":\"https:\/\/historia.dwsemanadedesign.com.br\/dwfestival2023\/wp-content\/uploads\/2020\/07\/logodw2023-roxo-2.png\",\"contentUrl\":\"https:\/\/historia.dwsemanadedesign.com.br\/dwfestival2023\/wp-content\/uploads\/2020\/07\/logodw2023-roxo-2.png\",\"width\":370,\"height\":164,\"caption\":\"DW!\"},\"image\":{\"@id\":\"https:\/\/historia.dwsemanadedesign.com.br\/dwfestival2023\/#\/schema\/logo\/image\/\"}}]}<\/script>\n<!-- \/ Yoast SEO plugin. -->","yoast_head_json":{"title":"DW! S\u00e3o Paulo Design Weekend","description":"O Design Weekend \u00e9 um festival urbano que tem o objetivo de promover a cultura do design e suas conex\u00f5es com arquitetura, arte, decora\u00e7\u00e3o, urbanismo,","robots":{"index":"index","follow":"follow","max-snippet":"max-snippet:-1","max-image-preview":"max-image-preview:large","max-video-preview":"max-video-preview:-1"},"canonical":"https:\/\/historia.dwsemanadedesign.com.br\/dwfestival2023\/termos-de-uso-e-politicas-de-privacidade\/","og_locale":"pt_BR","og_type":"article","og_title":"DW! S\u00e3o Paulo Design Weekend","og_description":"O Design Weekend \u00e9 um festival urbano que tem o objetivo de promover a cultura do design e suas conex\u00f5es com arquitetura, arte, decora\u00e7\u00e3o, urbanismo,","og_url":"https:\/\/historia.dwsemanadedesign.com.br\/dwfestival2023\/termos-de-uso-e-politicas-de-privacidade\/","og_site_name":"DW!","article_modified_time":"2023-02-25T17:56:17+00:00","twitter_card":"summary_large_image","twitter_misc":{"Est. tempo de leitura":"4 minutos"},"schema":{"@context":"https:\/\/schema.org","@graph":[{"@type":"WebPage","@id":"https:\/\/historia.dwsemanadedesign.com.br\/dwfestival2023\/termos-de-uso-e-politicas-de-privacidade\/","url":"https:\/\/historia.dwsemanadedesign.com.br\/dwfestival2023\/termos-de-uso-e-politicas-de-privacidade\/","name":"DW! S\u00e3o Paulo Design Weekend","isPartOf":{"@id":"https:\/\/historia.dwsemanadedesign.com.br\/dwfestival2023\/#website"},"datePublished":"2020-11-06T14:30:42+00:00","dateModified":"2023-02-25T17:56:17+00:00","description":"O Design Weekend \u00e9 um festival urbano que tem o objetivo de promover a cultura do design e suas conex\u00f5es com arquitetura, arte, decora\u00e7\u00e3o, urbanismo,","breadcrumb":{"@id":"https:\/\/historia.dwsemanadedesign.com.br\/dwfestival2023\/termos-de-uso-e-politicas-de-privacidade\/#breadcrumb"},"inLanguage":"pt-BR","potentialAction":[{"@type":"ReadAction","target":["https:\/\/historia.dwsemanadedesign.com.br\/dwfestival2023\/termos-de-uso-e-politicas-de-privacidade\/"]}]},{"@type":"BreadcrumbList","@id":"https:\/\/historia.dwsemanadedesign.com.br\/dwfestival2023\/termos-de-uso-e-politicas-de-privacidade\/#breadcrumb","itemListElement":[{"@type":"ListItem","position":1,"name":"In\u00edcio","item":"https:\/\/historia.dwsemanadedesign.com.br\/dwfestival2023\/"},{"@type":"ListItem","position":2,"name":"TERMOS DE USO E POL\u00cdTICAS DE PRIVACIDADE"}]},{"@type":"WebSite","@id":"https:\/\/historia.dwsemanadedesign.com.br\/dwfestival2023\/#website","url":"https:\/\/historia.dwsemanadedesign.com.br\/dwfestival2023\/","name":"DW!","description":"S\u00e3o Paulo Design Weekend","publisher":{"@id":"https:\/\/historia.dwsemanadedesign.com.br\/dwfestival2023\/#organization"},"potentialAction":[{"@type":"SearchAction","target":{"@type":"EntryPoint","urlTemplate":"https:\/\/historia.dwsemanadedesign.com.br\/dwfestival2023\/?s={search_term_string}"},"query-input":"required name=search_term_string"}],"inLanguage":"pt-BR"},{"@type":"Organization","@id":"https:\/\/historia.dwsemanadedesign.com.br\/dwfestival2023\/#organization","name":"DW!","url":"https:\/\/historia.dwsemanadedesign.com.br\/dwfestival2023\/","logo":{"@type":"ImageObject","inLanguage":"pt-BR","@id":"https:\/\/historia.dwsemanadedesign.com.br\/dwfestival2023\/#\/schema\/logo\/image\/","url":"https:\/\/historia.dwsemanadedesign.com.br\/dwfestival2023\/wp-content\/uploads\/2020\/07\/logodw2023-roxo-2.png","contentUrl":"https:\/\/historia.dwsemanadedesign.com.br\/dwfestival2023\/wp-content\/uploads\/2020\/07\/logodw2023-roxo-2.png","width":370,"height":164,"caption":"DW!"},"image":{"@id":"https:\/\/historia.dwsemanadedesign.com.br\/dwfestival2023\/#\/schema\/logo\/image\/"}}]}},"_links":{"self":[{"href":"https:\/\/historia.dwsemanadedesign.com.br\/dwfestival2023\/wp-json\/wp\/v2\/pages\/7072"}],"collection":[{"href":"https:\/\/historia.dwsemanadedesign.com.br\/dwfestival2023\/wp-json\/wp\/v2\/pages"}],"about":[{"href":"https:\/\/historia.dwsemanadedesign.com.br\/dwfestival2023\/wp-json\/wp\/v2\/types\/page"}],"author":[{"embeddable":true,"href":"https:\/\/historia.dwsemanadedesign.com.br\/dwfestival2023\/wp-json\/wp\/v2\/users\/1"}],"replies":[{"embeddable":true,"href":"https:\/\/historia.dwsemanadedesign.com.br\/dwfestival2023\/wp-json\/wp\/v2\/comments?post=7072"}],"version-history":[{"count":0,"href":"https:\/\/historia.dwsemanadedesign.com.br\/dwfestival2023\/wp-json\/wp\/v2\/pages\/7072\/revisions"}],"wp:attachment":[{"href":"https:\/\/historia.dwsemanadedesign.com.br\/dwfestival2023\/wp-json\/wp\/v2\/media?parent=7072"}],"curies":[{"name":"wp","href":"https:\/\/api.w.org\/{rel}","templated":true}]}}