{"id":957,"date":"2019-08-22T02:15:47","date_gmt":"2019-08-22T05:15:47","guid":{"rendered":"https:\/\/ovatheme.com\/meup\/?page_id=957"},"modified":"2023-02-25T14:54:47","modified_gmt":"2023-02-25T17:54:47","slug":"meu-dw-visitante","status":"publish","type":"page","link":"https:\/\/historia.dwsemanadedesign.com.br\/dwfestival2023\/meu-dw-visitante\/","title":{"rendered":"Meu DW! Visitante"},"content":{"rendered":"\t\t<div data-elementor-type=\"wp-post\" data-elementor-id=\"957\" class=\"elementor elementor-957\" data-elementor-settings=\"[]\">\n\t\t\t\t\t\t<div class=\"elementor-inner\">\n\t\t\t\t\t\t\t<div class=\"elementor-section-wrap\">\n\t\t\t\t\t\t\t<section class=\"elementor-section elementor-top-section elementor-element elementor-element-75c7b40d elementor-section-height-min-height tema-padrao-area elementor-section-boxed elementor-section-height-default elementor-section-items-middle\" data-id=\"75c7b40d\" data-element_type=\"section\" id=\"faixa-titulo\" data-settings=\"{&quot;background_background&quot;:&quot;classic&quot;}\">\n\t\t\t\t\t\t<div class=\"elementor-container elementor-column-gap-default\">\n\t\t\t\t\t\t\t<div class=\"elementor-row\">\n\t\t\t\t\t<div class=\"elementor-column elementor-col-100 elementor-top-column elementor-element elementor-element-5a34a17e\" data-id=\"5a34a17e\" data-element_type=\"column\">\n\t\t\t<div class=\"elementor-column-wrap elementor-element-populated\">\n\t\t\t\t\t\t\t<div class=\"elementor-widget-wrap\">\n\t\t\t\t\t\t<div class=\"elementor-element elementor-element-91694ba elementor-widget__width-auto tag-secao elementor-widget elementor-widget-heading\" data-id=\"91694ba\" data-element_type=\"widget\" data-widget_type=\"heading.default\">\n\t\t\t\t<div class=\"elementor-widget-container\">\n\t\t\t<h2 class=\"elementor-heading-title elementor-size-default\">MEU DW!<\/h2>\t\t<\/div>\n\t\t\t\t<\/div>\n\t\t\t\t<div class=\"elementor-element elementor-element-74f14ba elementor-widget elementor-widget-heading\" data-id=\"74f14ba\" data-element_type=\"widget\" data-widget_type=\"heading.default\">\n\t\t\t\t<div class=\"elementor-widget-container\">\n\t\t\t<h1 class=\"elementor-heading-title elementor-size-default\">VISITANTE\u200b<\/h1>\t\t<\/div>\n\t\t\t\t<\/div>\n\t\t\t\t\t\t<\/div>\n\t\t\t\t\t<\/div>\n\t\t<\/div>\n\t\t\t\t\t\t\t\t<\/div>\n\t\t\t\t\t<\/div>\n\t\t<\/section>\n\t\t\t\t<section class=\"elementor-section elementor-top-section elementor-element elementor-element-291148b3 destaques-interna meudw-logado elementor-section-height-min-height elementor-section-items-top elementor-section-content-top elementor-section-boxed elementor-section-height-default\" data-id=\"291148b3\" data-element_type=\"section\">\n\t\t\t\t\t\t<div class=\"elementor-container elementor-column-gap-default\">\n\t\t\t\t\t\t\t<div class=\"elementor-row\">\n\t\t\t\t\t<div class=\"elementor-column elementor-col-100 elementor-top-column elementor-element elementor-element-1ae43198\" data-id=\"1ae43198\" data-element_type=\"column\">\n\t\t\t<div class=\"elementor-column-wrap elementor-element-populated\">\n\t\t\t\t\t\t\t<div class=\"elementor-widget-wrap\">\n\t\t\t\t\t\t<div class=\"elementor-element elementor-element-6dfd3397 elementor-widget elementor-widget-heading\" data-id=\"6dfd3397\" data-element_type=\"widget\" data-widget_type=\"heading.default\">\n\t\t\t\t<div class=\"elementor-widget-container\">\n\t\t\t<h2 class=\"elementor-heading-title elementor-size-default\">Este \u00e9 o seu espa\u00e7o personalizado de experi\u00eancias e jornada na Semana de Design de S\u00e3o Paulo.\nAcesse abaixo seus EVENTOS, EXPOSITORES e MAPA favoritos.<\/h2>\t\t<\/div>\n\t\t\t\t<\/div>\n\t\t\t\t<div class=\"elementor-element elementor-element-a6e309c elementor-widget elementor-widget-shortcode\" data-id=\"a6e309c\" data-element_type=\"widget\" data-widget_type=\"shortcode.default\">\n\t\t\t\t<div class=\"elementor-widget-container\">\n\t\t\t\t\t<div class=\"elementor-shortcode\"><div class='eventos'>\t<h2 class='titulo-padrao-secao'>MEUS EVENTOS<\/h2>\t<div class='count'>Nenhum evento em sua lista de favoritos<\/div><\/div><div class='eventos'>\t<h2 class='titulo-padrao-secao'>MEUS LAN\u00c7AMENTOS<\/h2>\t<div class='count'>Nenhum lan\u00e7amento em sua lista de favoritos<\/div><\/div><div class='eventos'>\t<h2 class='titulo-padrao-secao'>MINHAS OPORTUNIDADES<\/h2>\t<div class='count'>Nenhuma oportunidade em sua lista de favoritos<\/div><\/div><div class='eventos'>\t<h2 class='titulo-padrao-secao'>MEUS EXPOSITORES<\/h2>\t<div class='count'>Nenhum expositor em sua lista de favoritos.<\/div><\/div><div class='eventos'>\t<h2 class='titulo-padrao-secao'>MEU MAPA<\/h2><\/div><\/div>\n\t\t\t\t<\/div>\n\t\t\t\t<\/div>\n\t\t\t\t\t\t<\/div>\n\t\t\t\t\t<\/div>\n\t\t<\/div>\n\t\t\t\t\t\t\t\t<\/div>\n\t\t\t\t\t<\/div>\n\t\t<\/section>\n\t\t\t\t\t\t<\/div>\n\t\t\t\t\t\t<\/div>\n\t\t\t\t\t<\/div>\n\t\t","protected":false},"excerpt":{"rendered":"<p>MEU DW! VISITANTE\u200b Este \u00e9 o seu espa\u00e7o personalizado de experi\u00eancias e jornada na Semana de Design de S\u00e3o Paulo. Acesse abaixo seus EVENTOS, EXPOSITORES e MAPA favoritos.<\/p>\n","protected":false},"author":3,"featured_media":0,"parent":0,"menu_order":0,"comment_status":"closed","ping_status":"closed","template":"elementor_header_footer","meta":{"footnotes":""},"yoast_head":"<!-- This site is optimized with the Yoast SEO plugin v22.6 - https:\/\/yoast.com\/wordpress\/plugins\/seo\/ -->\n<title>Meu DW! Visitante - DW!<\/title>\n<meta name=\"robots\" content=\"index, follow, max-snippet:-1, max-image-preview:large, max-video-preview:-1\" \/>\n<link rel=\"canonical\" href=\"https:\/\/historia.dwsemanadedesign.com.br\/dwfestival2023\/meu-dw-visitante\/\" \/>\n<meta property=\"og:locale\" content=\"pt_BR\" \/>\n<meta property=\"og:type\" content=\"article\" \/>\n<meta property=\"og:title\" content=\"Meu DW! Visitante - DW!\" \/>\n<meta property=\"og:description\" content=\"MEU DW! VISITANTE\u200b Este \u00e9 o seu espa\u00e7o personalizado de experi\u00eancias e jornada na Semana de Design de S\u00e3o Paulo. Acesse abaixo seus EVENTOS, EXPOSITORES e MAPA favoritos.\" \/>\n<meta property=\"og:url\" content=\"https:\/\/historia.dwsemanadedesign.com.br\/dwfestival2023\/meu-dw-visitante\/\" \/>\n<meta property=\"og:site_name\" content=\"DW!\" \/>\n<meta property=\"article:modified_time\" content=\"2023-02-25T17:54:47+00:00\" \/>\n<meta name=\"twitter:card\" content=\"summary_large_image\" \/>\n<script type=\"application\/ld+json\" class=\"yoast-schema-graph\">{\"@context\":\"https:\/\/schema.org\",\"@graph\":[{\"@type\":\"WebPage\",\"@id\":\"https:\/\/historia.dwsemanadedesign.com.br\/dwfestival2023\/meu-dw-visitante\/\",\"url\":\"https:\/\/historia.dwsemanadedesign.com.br\/dwfestival2023\/meu-dw-visitante\/\",\"name\":\"Meu DW! Visitante - DW!\",\"isPartOf\":{\"@id\":\"https:\/\/historia.dwsemanadedesign.com.br\/dwfestival2023\/#website\"},\"datePublished\":\"2019-08-22T05:15:47+00:00\",\"dateModified\":\"2023-02-25T17:54:47+00:00\",\"breadcrumb\":{\"@id\":\"https:\/\/historia.dwsemanadedesign.com.br\/dwfestival2023\/meu-dw-visitante\/#breadcrumb\"},\"inLanguage\":\"pt-BR\",\"potentialAction\":[{\"@type\":\"ReadAction\",\"target\":[\"https:\/\/historia.dwsemanadedesign.com.br\/dwfestival2023\/meu-dw-visitante\/\"]}]},{\"@type\":\"BreadcrumbList\",\"@id\":\"https:\/\/historia.dwsemanadedesign.com.br\/dwfestival2023\/meu-dw-visitante\/#breadcrumb\",\"itemListElement\":[{\"@type\":\"ListItem\",\"position\":1,\"name\":\"In\u00edcio\",\"item\":\"https:\/\/historia.dwsemanadedesign.com.br\/dwfestival2023\/\"},{\"@type\":\"ListItem\",\"position\":2,\"name\":\"Meu DW! Visitante\"}]},{\"@type\":\"WebSite\",\"@id\":\"https:\/\/historia.dwsemanadedesign.com.br\/dwfestival2023\/#website\",\"url\":\"https:\/\/historia.dwsemanadedesign.com.br\/dwfestival2023\/\",\"name\":\"DW!\",\"description\":\"S\u00e3o Paulo Design Weekend\",\"publisher\":{\"@id\":\"https:\/\/historia.dwsemanadedesign.com.br\/dwfestival2023\/#organization\"},\"potentialAction\":[{\"@type\":\"SearchAction\",\"target\":{\"@type\":\"EntryPoint\",\"urlTemplate\":\"https:\/\/historia.dwsemanadedesign.com.br\/dwfestival2023\/?s={search_term_string}\"},\"query-input\":\"required name=search_term_string\"}],\"inLanguage\":\"pt-BR\"},{\"@type\":\"Organization\",\"@id\":\"https:\/\/historia.dwsemanadedesign.com.br\/dwfestival2023\/#organization\",\"name\":\"DW!\",\"url\":\"https:\/\/historia.dwsemanadedesign.com.br\/dwfestival2023\/\",\"logo\":{\"@type\":\"ImageObject\",\"inLanguage\":\"pt-BR\",\"@id\":\"https:\/\/historia.dwsemanadedesign.com.br\/dwfestival2023\/#\/schema\/logo\/image\/\",\"url\":\"https:\/\/historia.dwsemanadedesign.com.br\/dwfestival2023\/wp-content\/uploads\/2020\/07\/logodw2023-roxo-2.png\",\"contentUrl\":\"https:\/\/historia.dwsemanadedesign.com.br\/dwfestival2023\/wp-content\/uploads\/2020\/07\/logodw2023-roxo-2.png\",\"width\":370,\"height\":164,\"caption\":\"DW!\"},\"image\":{\"@id\":\"https:\/\/historia.dwsemanadedesign.com.br\/dwfestival2023\/#\/schema\/logo\/image\/\"}}]}<\/script>\n<!-- \/ Yoast SEO plugin. -->","yoast_head_json":{"title":"Meu DW! Visitante - DW!","robots":{"index":"index","follow":"follow","max-snippet":"max-snippet:-1","max-image-preview":"max-image-preview:large","max-video-preview":"max-video-preview:-1"},"canonical":"https:\/\/historia.dwsemanadedesign.com.br\/dwfestival2023\/meu-dw-visitante\/","og_locale":"pt_BR","og_type":"article","og_title":"Meu DW! Visitante - DW!","og_description":"MEU DW! VISITANTE\u200b Este \u00e9 o seu espa\u00e7o personalizado de experi\u00eancias e jornada na Semana de Design de S\u00e3o Paulo. Acesse abaixo seus EVENTOS, EXPOSITORES e MAPA favoritos.","og_url":"https:\/\/historia.dwsemanadedesign.com.br\/dwfestival2023\/meu-dw-visitante\/","og_site_name":"DW!","article_modified_time":"2023-02-25T17:54:47+00:00","twitter_card":"summary_large_image","schema":{"@context":"https:\/\/schema.org","@graph":[{"@type":"WebPage","@id":"https:\/\/historia.dwsemanadedesign.com.br\/dwfestival2023\/meu-dw-visitante\/","url":"https:\/\/historia.dwsemanadedesign.com.br\/dwfestival2023\/meu-dw-visitante\/","name":"Meu DW! Visitante - DW!","isPartOf":{"@id":"https:\/\/historia.dwsemanadedesign.com.br\/dwfestival2023\/#website"},"datePublished":"2019-08-22T05:15:47+00:00","dateModified":"2023-02-25T17:54:47+00:00","breadcrumb":{"@id":"https:\/\/historia.dwsemanadedesign.com.br\/dwfestival2023\/meu-dw-visitante\/#breadcrumb"},"inLanguage":"pt-BR","potentialAction":[{"@type":"ReadAction","target":["https:\/\/historia.dwsemanadedesign.com.br\/dwfestival2023\/meu-dw-visitante\/"]}]},{"@type":"BreadcrumbList","@id":"https:\/\/historia.dwsemanadedesign.com.br\/dwfestival2023\/meu-dw-visitante\/#breadcrumb","itemListElement":[{"@type":"ListItem","position":1,"name":"In\u00edcio","item":"https:\/\/historia.dwsemanadedesign.com.br\/dwfestival2023\/"},{"@type":"ListItem","position":2,"name":"Meu DW! Visitante"}]},{"@type":"WebSite","@id":"https:\/\/historia.dwsemanadedesign.com.br\/dwfestival2023\/#website","url":"https:\/\/historia.dwsemanadedesign.com.br\/dwfestival2023\/","name":"DW!","description":"S\u00e3o Paulo Design Weekend","publisher":{"@id":"https:\/\/historia.dwsemanadedesign.com.br\/dwfestival2023\/#organization"},"potentialAction":[{"@type":"SearchAction","target":{"@type":"EntryPoint","urlTemplate":"https:\/\/historia.dwsemanadedesign.com.br\/dwfestival2023\/?s={search_term_string}"},"query-input":"required name=search_term_string"}],"inLanguage":"pt-BR"},{"@type":"Organization","@id":"https:\/\/historia.dwsemanadedesign.com.br\/dwfestival2023\/#organization","name":"DW!","url":"https:\/\/historia.dwsemanadedesign.com.br\/dwfestival2023\/","logo":{"@type":"ImageObject","inLanguage":"pt-BR","@id":"https:\/\/historia.dwsemanadedesign.com.br\/dwfestival2023\/#\/schema\/logo\/image\/","url":"https:\/\/historia.dwsemanadedesign.com.br\/dwfestival2023\/wp-content\/uploads\/2020\/07\/logodw2023-roxo-2.png","contentUrl":"https:\/\/historia.dwsemanadedesign.com.br\/dwfestival2023\/wp-content\/uploads\/2020\/07\/logodw2023-roxo-2.png","width":370,"height":164,"caption":"DW!"},"image":{"@id":"https:\/\/historia.dwsemanadedesign.com.br\/dwfestival2023\/#\/schema\/logo\/image\/"}}]}},"_links":{"self":[{"href":"https:\/\/historia.dwsemanadedesign.com.br\/dwfestival2023\/wp-json\/wp\/v2\/pages\/957"}],"collection":[{"href":"https:\/\/historia.dwsemanadedesign.com.br\/dwfestival2023\/wp-json\/wp\/v2\/pages"}],"about":[{"href":"https:\/\/historia.dwsemanadedesign.com.br\/dwfestival2023\/wp-json\/wp\/v2\/types\/page"}],"author":[{"embeddable":true,"href":"https:\/\/historia.dwsemanadedesign.com.br\/dwfestival2023\/wp-json\/wp\/v2\/users\/3"}],"replies":[{"embeddable":true,"href":"https:\/\/historia.dwsemanadedesign.com.br\/dwfestival2023\/wp-json\/wp\/v2\/comments?post=957"}],"version-history":[{"count":0,"href":"https:\/\/historia.dwsemanadedesign.com.br\/dwfestival2023\/wp-json\/wp\/v2\/pages\/957\/revisions"}],"wp:attachment":[{"href":"https:\/\/historia.dwsemanadedesign.com.br\/dwfestival2023\/wp-json\/wp\/v2\/media?parent=957"}],"curies":[{"name":"wp","href":"https:\/\/api.w.org\/{rel}","templated":true}]}}